{"id":752,"date":"2014-10-16T18:30:54","date_gmt":"2014-10-16T16:30:54","guid":{"rendered":"http:\/\/www.caltunet.com\/politica-de-cookies-2\/"},"modified":"2014-10-16T18:30:54","modified_gmt":"2014-10-16T16:30:54","slug":"politica-de-cookies-2","status":"publish","type":"page","link":"https:\/\/www.caltunet.com\/es\/politica-de-cookies-2\/","title":{"rendered":"Pol\u00edtica de cookies"},"content":{"rendered":"<p style=\"text-align: center;\"><strong><em>Atenci\u00f3n: <\/em><\/strong><em>Este sitio web utiliza cookies, tanto propi<\/em><em>as como de terceros, para recopilar estad\u00edsticas de su navegaci\u00f3n, as\u00ed como para ofrecerle una servicio personalizado. Si contin\u00faa navegando, consideramos que acepta su uso.<\/em><\/p>\n<h2 style=\"text-align: left;\">Pol\u00edtica de cookies<\/h2>\n<p>Este portal, como la mayor\u00eda de portales de internet, utiliza cookies para mejorar la experiencia de usuario. A continuaci\u00f3n encontrar\u00e1 informaci\u00f3n sobre qu\u00e9 son las cookies, qu\u00e9 tipo de cookies utiliza este portal, c\u00f3mo puede desactivar las cookies en su navegador i c\u00f3mo desactivar espec\u00edficamente la instalaci\u00f3n de cookies de terceros.<\/p>\n<h3>\u00bfQu\u00e9 son las cookies?<\/h3>\n<p>Las cookies son peque\u00f1os ficheros que algunas plataformas, como las p\u00e1ginas web, pueden instalar en su ordenador, tel\u00e9fono, tableta o televsi\u00f3n inteligente. Sus funciones pueden ser muy diversas: Almacenar sus preferencias de navegaci\u00f3n, recopilar informaci\u00f3n estad\u00edstica, permitir ciertas funcionalidades t\u00e9cnicas, etc\u00e9tera. En ocasiones las cookies se utilizan para almacenar informaci\u00f3n b\u00e1sica sobre las costumbres de navegaci\u00f3n del usuario o de su equipo, hasta el punto, dependiendo del caso, de poder reconocerlo.<\/p>\n<h3>\u00bfPor qu\u00e9 son importantes?<\/h3>\n<p>Las cookies son \u00fatiles por diversos motivos. Desde un punto de vista t\u00e9cnico, permiten que las p\u00e1ginas web funcionen de manera m\u00e1s \u00e1gil y adaptada a sus preferencias, como por ejemplo almacenando su idioma o la moneda del pa\u00eds. Adem\u00e1s, ayudan a los responsables de los sitios web a mejorar los servicios que ofrecen, gracias a la informaci\u00f3n estad\u00edstica que recogen. Finalmente, sirven para hacer m\u00e1s eficiente la publicidad que mostramos, gracias a la que podemos ofrecer servicios de forma gratuita.<\/p>\n<h3>\u00bfC\u00f3mo utilizamos las cookies?<\/h3>\n<p>La navegaci\u00f3n por este portal supone que se puedan instalar los siguientes tipos de cookies:<\/p>\n<h4>Cookies de mejora del rendimiento<\/h4>\n<p>Este tipo de cookies conserva sus preferencias para ciertas herramientas o servicios, para que no las tenga que reconfigurar cada vez que visite nuestro portal, y, en algunos casos, pueden ser aportadas por terceros. Algunos ejemplos son: Volumen de reproductores audiovisuales, preferencias de ordenaci\u00f3n de art\u00edculos o velocidades de reproducci\u00f3n de v\u00eddeo compatibles. En el caso del comercio electr\u00f3nico, permiten mantener la informaci\u00f3n sobre su cesta de la compra.<\/p>\n<h4>Cookies de an\u00e1lisis estad\u00edstico<\/h4>\n<p>Son aquellas que, ya sean tratadas por nosotros o por terceros, permiten cuantificar el n\u00famero de visitantes y analizar estad\u00edsticamente la utilizaci\u00f3n que hacen los usuarios de nuestros servicios. Gracias a ello podemos estudiar la navegaci\u00f3n por nuestra p\u00e1gina web, mejorando as\u00ed la oferta de productos o servicios que ofrecemos.<\/p>\n<h4>Cookies de geolocalizaci\u00f3n<\/h4>\n<p>Estas cookies son utilizadas por programas que intentan localizar geogr\u00e1ficamente la situaci\u00f3n del ordenador, tel\u00e9fono, tableta o televisi\u00f3n conectada, para poderle ofrecer de forma totalmente an\u00f3nima contenidos y servicios m\u00e1s adecuados.<\/p>\n<h4>Cookies de registro<\/h4>\n<p>Cuando se registra en nuestro portal, se generan cookies que le identifican como usuario registrado e indican cu\u00e1ndo se ha identificado en el portal. Estas cookies son utilizadas para identificar su cuenta de usuario y sus servicios asociados. Estas cookies se mantienen mientras no abandone la cuenta, cierre el navegador o apague el dispositivo. Estas cookies pueden ser utilizadas en combinaci\u00f3n con datos anal\u00edticos para identificar de manera individual sus preferencias en nuestro portal.<\/p>\n<h4>Cookies publicitarias<\/h4>\n<p>Son aquellas que, ya sean tratadas por nosotros o por terceros, permiten gestionar de manera eficaz los espacios publicitarios de nuestro sitio web, adecuando el contenido del anuncio al contenido del servicio solicitado y al uso que usted realiza de nuestra p\u00e1gina web. Gracias a ellas podemos conocer sus h\u00e1bitos de navegaci\u00f3n en internet y mostrarle publicidad relacionada con su perfil de navegaci\u00f3n.<\/p>\n<h4>Otras cookies de terceros<\/h4>\n<p>En algunas de nuestras p\u00e1ginas se pueden instalar cookies de terceros que permiten gestionar y mejorar los servicios que \u00e9stas ofrecen. Un ejemplo de este uso son los enlaces a las redes sociales que permiten compartir nuestros contenidos.<\/p>\n<h3>\u00bfC\u00f3mo pudeo configurar mis preferencias?<\/h3>\n<p>Puede permitir, bloquear o eliminar las cookies instaladas en su equipo mediante la configuraci\u00f3n de las opciones de su navegador de internet. En el caso de que las bloquee, es posible que algunos servicios que las necesitan no est\u00e9n disponibles.<\/p>\n<p>A continuaci\u00f3n le ofrecemos enlaces en los que encontrar\u00e1 informaci\u00f3n sobre c\u00f3mo puede activar sus preferencias en los principales navegadores:<\/p>\n<ul>\n<li><a href=\"https:\/\/support.mozilla.org\/es\/kb\/cookies-informacion-que-los-sitios-web-guardan-en-\" target=\"_blank\">Mozilla Firefox<\/a><\/li>\n<li><a href=\"https:\/\/support.google.com\/chrome\/answer\/95647?hl=es\" target=\"_blank\">Google Chrome<\/a><\/li>\n<li><a href=\"http:\/\/windows.microsoft.com\/en-gb\/internet-explorer\/delete-manage-cookies\" target=\"_blank\">Internet Explorer<\/a><\/li>\n<li><a href=\"http:\/\/support.apple.com\/kb\/PH11913\" target=\"_blank\">Safari<\/a><\/li>\n<li><a href=\"http:\/\/support.apple.com\/kb\/HT1677\" target=\"_blank\">Safari para iOS (iPhone, iPad)<\/a><\/li>\n<li><a href=\"http:\/\/www.macromedia.com\/support\/documentation\/en\/flashplayer\/help\/settings_manager07.html\" target=\"_blank\">Cookies Flash<\/a><\/li>\n<\/ul>\n<p>Finalmente, tambi\u00e9n se puede dirigir al portal <a href=\"http:\/\/www.youronlinechoices.com\/\" target=\"_blank\">Your Online Choices<\/a>, donde adem\u00e1s de encontrar informaci\u00f3n \u00fatil, podr\u00e1 configurar, proveedor a proveedor, sus preferencias sobre las cookies publicitarias de terceros.<\/p>\n","protected":false},"excerpt":{"rendered":"<p>Atenci\u00f3n: Este sitio web utiliza cookies, tanto propias como de terceros, para recopilar estad\u00edsticas de su navegaci\u00f3n, as\u00ed como para ofrecerle una servicio personalizado. Si contin\u00faa navegando, consideramos que acepta su uso. Pol\u00edtica de cookies Este portal, como la mayor\u00eda de portales de internet, utiliza cookies para mejorar la experiencia de usuario. A continuaci\u00f3n encontrar\u00e1 [&hellip;]<\/p>\n","protected":false},"author":3,"featured_media":0,"parent":0,"menu_order":0,"comment_status":"closed","ping_status":"open","template":"page-full.php","meta":{"_mi_skip_tracking":false,"_monsterinsights_sitenote_active":false,"_monsterinsights_sitenote_note":"","_monsterinsights_sitenote_category":0},"_links":{"self":[{"href":"https:\/\/www.caltunet.com\/es\/wp-json\/wp\/v2\/pages\/752"}],"collection":[{"href":"https:\/\/www.caltunet.com\/es\/wp-json\/wp\/v2\/pages"}],"about":[{"href":"https:\/\/www.caltunet.com\/es\/wp-json\/wp\/v2\/types\/page"}],"author":[{"embeddable":true,"href":"https:\/\/www.caltunet.com\/es\/wp-json\/wp\/v2\/users\/3"}],"replies":[{"embeddable":true,"href":"https:\/\/www.caltunet.com\/es\/wp-json\/wp\/v2\/comments?post=752"}],"version-history":[{"count":0,"href":"https:\/\/www.caltunet.com\/es\/wp-json\/wp\/v2\/pages\/752\/revisions"}],"wp:attachment":[{"href":"https:\/\/www.caltunet.com\/es\/wp-json\/wp\/v2\/media?parent=752"}],"curies":[{"name":"wp","href":"https:\/\/api.w.org\/{rel}","templated":true}]}}