{"id":749,"date":"2012-03-12T21:48:37","date_gmt":"2012-03-12T20:48:37","guid":{"rendered":"http:\/\/www.caltunet.com\/actividades\/"},"modified":"2012-03-12T21:48:37","modified_gmt":"2012-03-12T20:48:37","slug":"actividades","status":"publish","type":"page","link":"https:\/\/www.caltunet.com\/es\/actividades\/","title":{"rendered":"Actividades"},"content":{"rendered":"<h3>Descubre todo lo que puedes hacer por los alrededores de La Llacuna, un entorno inigualable<\/h3>\n<p><!--more--><\/p>\n<h3><\/h3>\n<h3><div class='et-box et-shadow'>\n\t\t\t\t\t<div class='et-box-content'>Rutas por los alrededores de La Llacuna<\/div><\/div><\/h3>\n<p><a href=\"http:\/\/caltunet.com\/wordpress\/wp-content\/uploads\/2012\/02\/senderisme.jpg\"> <img decoding=\"async\" loading=\"lazy\" class=\"wp-image-90 alignright\" title=\"senderismo\" alt=\" \" src=\" http:\/\/caltunet.com\/wordpress\/wp-content\/uploads\/2012\/02\/senderisme-1024x768.jpg \" width=\" 368 \" height=\" 277 \" \/> <\/a><\/p>\n<p><strong> RUTA ROJA <\/strong> &#8211; Sierra de Ancosa<\/p>\n<p id=\"[object]\">La Llacuna-Font Cuitora-bosque del Parad\u00eds y rocas de la Crida &#8211; La Llacuna<\/p>\n<p>Tiempo: 35 min aprox.<\/p>\n<p>Distancia: 2,300 km<\/p>\n<p>Desnivel: 120m<\/p>\n<p>Dificultad: baja<\/p>\n<p><strong> Descripci\u00f3n de la ruta: <\/strong> Salimos del pueblo de La Llacuna por el camino de los dep\u00f3sitos (altura: 625m), siguiendo el sendero hasta la Font Cuitora -0,5 km-(altura: 655m). Seguimos subiendo hacia arriba. A mano derecha, seguimos el sendero hasta encontrar el bosque del Para\u00edso (y rocas de la Crida). Rodeados de altos pinos seguimos el camino -0,55 km-. El camino con constante descenso, nos lleva otra vez a La Llacuna -1,200 km-.<\/p>\n<p id=\"[object]\"><strong> RUTA AZUL <\/strong> &#8211; Roble de Ancosa<\/p>\n<p>La Llacuna &#8211; Salt el Gos &#8211; Coll del corral &#8211; Puig Castellar &#8211; Font de las Clotes &#8211; La Llacuna<\/p>\n<p>Tiempo: 3 horas aprox.<\/p>\n<p>Distancia: 11 km<\/p>\n<p>Desnivel: 330m<\/p>\n<p>Dificultad: baja<\/p>\n<p><strong> Descripci\u00f3n de la ruta: <\/strong> Salimos de La Llacuna (altura: 600m), camino del Marimon, pasando por la granja Dorita direcci\u00f3n plaza Espa\u00f1a -2,150 km-(altura: 682m). Seguimos hasta un desv\u00edo -0,875 m). Encontramos un cruce de caminos, donde podemos elegir cualquiera de las tres subrutas se\u00f1alizadas: Salt del gos -0,350 km-, cueva de la Valldeserves -2,275 km-y hacia el cuello del Corral -1,050 km-. Una vez en este collado (altura: 762m), encontramos un nuevo cruce: Plana de Ancosa, ruinas del monasterio del C\u00edster y roble monumental de Ancosa -2,250 km-, o bien en el Puig Castellar -2,200 km-. Seguimos el camino con fuerte subida hasta el Puig Castellar (altura: 945m). De bajada cogemos un sendero a mano izquierda hasta un camino m\u00e1s ancho que nos lleva otra vez al coll del Corral -1,925 km-. Ahora seguimos el camino de la derecha que baja hasta la mas\u00eda de las Clotes, donde encontramos una fuente, a 1,050 km del camino, que es la Font de les Granotes y el Mol\u00ed del Nin. Llegamos a la carretera de Torrebusqueta, la seguiremos hasta llegar nuevamente a La Llacuna -1,800 km-.<\/p>\n<p id=\"[object]\"><strong> RUTA VERDE <\/strong> &#8211; Castillo de Viladem\u00e0ger<\/p>\n<p>La Llacuna-Viladem\u00e0ger &#8211; Font dels Horts &#8211; Font del Pla novell &#8211; La Llacuna<\/p>\n<p>Tiempo: 2,20 horas aprox.<\/p>\n<p>Distancia: 8 km<\/p>\n<p>Desnivel: 105m<\/p>\n<p>Dificultad: baja<\/p>\n<p><strong> Descripci\u00f3n de la ruta: <\/strong> Salimos de La Llacuna por el camino del castillo de Viladem\u00e0ger (altura: 712m) -1.500 km-. Seguimos el sendero de bajada hasta la pista. Tomamos el camino de la derecha, con una fuerte bajada, hasta la Font dels Horts (altura: 600m) -0.600 km-. Seguimos el camino hasta el mas Pujad\u00f3 y la carretera -1,025 km-. Caminamos 200m m\u00e1s, hasta les Vilates y cruzamos el mas que encontramos, hasta llegar a la Font del Pla Novell -1,230 km-. Para volver a La Llacuna, pasaremos otra vez por les Vilates y la mas\u00eda de Cal Melcior. Del Pla Novell a La Llacuna, tenemos 3.375 km.<\/p>\n\n\t\t<style type=\"text\/css\">\n\t\t\t#gallery-1 {\n\t\t\t\tmargin: auto;\n\t\t\t}\n\t\t\t#gallery-1 .gallery-item {\n\t\t\t\tfloat: left;\n\t\t\t\tmargin-top: 10px;\n\t\t\t\ttext-align: center;\n\t\t\t\twidth: 100%;\n\t\t\t}\n\t\t\t#gallery-1 img {\n\t\t\t\tborder: 2px solid #cfcfcf;\n\t\t\t}\n\t\t\t#gallery-1 .gallery-caption {\n\t\t\t\tmargin-left: 0;\n\t\t\t}\n\t\t\t\/* see gallery_shortcode() in wp-includes\/media.php *\/\n\t\t<\/style>\n\t\t<div data-carousel-extra='{\"blog_id\":1,\"permalink\":\"https:\\\/\\\/www.caltunet.com\\\/es\\\/actividades\\\/\",\"likes_blog_id\":false}' id='gallery-1' class='gallery galleryid-749 gallery-columns-1 gallery-size-thumbnail'><dl class='gallery-item'>\n\t\t\t<dt class='gallery-icon landscape'>\n\t\t\t\t<a href='https:\/\/www.caltunet.com\/wordpress\/wp-content\/uploads\/2012\/03\/maparuta_senderisme.jpg'><img width=\"150\" height=\"150\" src=\"https:\/\/www.caltunet.com\/wordpress\/wp-content\/uploads\/2012\/03\/maparuta_senderisme-150x150.jpg\" class=\"attachment-thumbnail size-thumbnail\" alt=\"\" decoding=\"async\" loading=\"lazy\" data-attachment-id=\"939\" data-orig-file=\"https:\/\/www.caltunet.com\/wordpress\/wp-content\/uploads\/2012\/03\/maparuta_senderisme.jpg\" data-orig-size=\"812,553\" data-comments-opened=\"0\" data-image-meta=\"{&quot;aperture&quot;:&quot;0&quot;,&quot;credit&quot;:&quot;&quot;,&quot;camera&quot;:&quot;&quot;,&quot;caption&quot;:&quot;&quot;,&quot;created_timestamp&quot;:&quot;0&quot;,&quot;copyright&quot;:&quot;&quot;,&quot;focal_length&quot;:&quot;0&quot;,&quot;iso&quot;:&quot;0&quot;,&quot;shutter_speed&quot;:&quot;0&quot;,&quot;title&quot;:&quot;&quot;}\" data-image-title=\"Mapa rutes senderisme\" data-image-description=\"\" data-medium-file=\"https:\/\/www.caltunet.com\/wordpress\/wp-content\/uploads\/2012\/03\/maparuta_senderisme-300x204.jpg\" data-large-file=\"https:\/\/www.caltunet.com\/wordpress\/wp-content\/uploads\/2012\/03\/maparuta_senderisme.jpg\" \/><\/a>\n\t\t\t<\/dt><\/dl><br style=\"clear: both\" \/>\n\t\t<\/div>\n\n<h3><div class='et-box et-shadow'>\n\t\t\t\t\t<div class='et-box-content'>Rutas en BTT por La Llacuna<\/div><\/div><\/h3>\n<p><strong> RUTA VERDE CON BTT <\/strong> &#8211; Vuelta por el plano de La Llacuna<\/p>\n<p>Distancia: 9 kil\u00f3metros<\/p>\n<p>Desnivel acumulado: 420 m<\/p>\n<p>Duraci\u00f3n: 1h<\/p>\n<p>Nivel de dificultad: f\u00e1cil<\/p>\n<p><strong> Punto de salida y llegada: <\/strong> Pl. Mayor de La Llacuna. Es una ruta corta y asequible para un amplio abanico de poblaci\u00f3n. El inicio durante los dos primeros kil\u00f3metros es com\u00fan con la ruta azul, pero se bifurcan al pie del Castillo de Viladem\u00e0ger. Este itinerario sigue direcci\u00f3n a las Vilates cruzando el arroyo de La Llacuna y la carretera BV-2136 y la vuelta es por un largo sendero en medio del bosque.<\/p>\n<p><strong> RUTA AZUL CON BTT <\/strong> &#8211; Sierra de Ancosa<\/p>\n<p>Distancia: 17 kil\u00f3metros<\/p>\n<p>Desnivel acumulado: 1.100m<\/p>\n<p>Duraci\u00f3n: 1h 40 &#8216;<\/p>\n<p>Nivel de dificultad: intermedio<\/p>\n<p><strong> Punto de salida y llegada: <\/strong> Pl. Mayor de La Llacuna Comienza con un duro ascenso hasta el castillo de Viladem\u00e0ger desde donde se puede observar toda la \u00a0Plana de La Llacuna. El itinerario contin\u00faa hasta la cresta de la Sierra de Ancosa siguiendo el GR-172 en algunos tramos y dejando el Puig Castellar (944m) en la banda derecha. Durante la vuelta se pasa por Roble de Ancosa antes de llegar otra vez al centro de La Llacuna.<\/p>\n\n\t\t<style type=\"text\/css\">\n\t\t\t#gallery-2 {\n\t\t\t\tmargin: auto;\n\t\t\t}\n\t\t\t#gallery-2 .gallery-item {\n\t\t\t\tfloat: left;\n\t\t\t\tmargin-top: 10px;\n\t\t\t\ttext-align: center;\n\t\t\t\twidth: 100%;\n\t\t\t}\n\t\t\t#gallery-2 img {\n\t\t\t\tborder: 2px solid #cfcfcf;\n\t\t\t}\n\t\t\t#gallery-2 .gallery-caption {\n\t\t\t\tmargin-left: 0;\n\t\t\t}\n\t\t\t\/* see gallery_shortcode() in wp-includes\/media.php *\/\n\t\t<\/style>\n\t\t<div data-carousel-extra='{\"blog_id\":1,\"permalink\":\"https:\\\/\\\/www.caltunet.com\\\/es\\\/actividades\\\/\",\"likes_blog_id\":false}' id='gallery-2' class='gallery galleryid-749 gallery-columns-1 gallery-size-thumbnail'><dl class='gallery-item'>\n\t\t\t<dt class='gallery-icon landscape'>\n\t\t\t\t<a href='https:\/\/www.caltunet.com\/wordpress\/wp-content\/uploads\/2012\/03\/Mapa-Ruta-BTT.jpeg'><img width=\"150\" height=\"150\" src=\"https:\/\/www.caltunet.com\/wordpress\/wp-content\/uploads\/2012\/03\/Mapa-Ruta-BTT-150x150.jpeg\" class=\"attachment-thumbnail size-thumbnail\" alt=\"\" decoding=\"async\" loading=\"lazy\" data-attachment-id=\"941\" data-orig-file=\"https:\/\/www.caltunet.com\/wordpress\/wp-content\/uploads\/2012\/03\/Mapa-Ruta-BTT.jpeg\" data-orig-size=\"860,650\" data-comments-opened=\"0\" data-image-meta=\"{&quot;aperture&quot;:&quot;0&quot;,&quot;credit&quot;:&quot;&quot;,&quot;camera&quot;:&quot;&quot;,&quot;caption&quot;:&quot;&quot;,&quot;created_timestamp&quot;:&quot;0&quot;,&quot;copyright&quot;:&quot;&quot;,&quot;focal_length&quot;:&quot;0&quot;,&quot;iso&quot;:&quot;0&quot;,&quot;shutter_speed&quot;:&quot;0&quot;,&quot;title&quot;:&quot;&quot;}\" data-image-title=\"Mapa Rutes BTT\" data-image-description=\"\" data-medium-file=\"https:\/\/www.caltunet.com\/wordpress\/wp-content\/uploads\/2012\/03\/Mapa-Ruta-BTT-300x226.jpeg\" data-large-file=\"https:\/\/www.caltunet.com\/wordpress\/wp-content\/uploads\/2012\/03\/Mapa-Ruta-BTT.jpeg\" \/><\/a>\n\t\t\t<\/dt><\/dl><br style=\"clear: both\" \/>\n\t\t<\/div>\n\n<h3><div class='et-box et-info'>\n\t\t\t\t\t<div class='et-box-content'>Lugares de inter\u00e9s general<\/div><\/div><\/h3>\n<ul>\n<li>El casco antiguo de la Villa con la Plaza Mayor porticada<\/li>\n<li>El castillo de Viladem\u00e0ger<\/li>\n<li>El dolmen de la Comallagosa<\/li>\n<li>Las pinturas rupestres de Valldecerves<\/li>\n<li>Font Cuitora<\/li>\n<li>Font del Pla Novell<\/li>\n<li>Font del Teix<\/li>\n<li>Font de las Clotes<\/li>\n<li>Puig Castellar<\/li>\n<li>Cuevas<\/li>\n<li>Nueva capilla de Sant Josep de Rofes<\/li>\n<li>Font dels Horts<\/li>\n<li>Las rocas de la Crida y el bosque del Parad\u00eds<\/li>\n<li>Las rocas del Frare<\/li>\n<li>Las rocas de Rocamur<\/li>\n<li>El Salt del Goso<\/li>\n<li>El Cangost de Rofes<\/li>\n<li>El poblado ib\u00e9rico del Castellar<\/li>\n<li>Capilla de Sant Antoni de las Vilates<\/li>\n<li>Los lavaderos del matadero<\/li>\n<\/ul>\n<p>Para m\u00e1s informaci\u00f3n, puede contactar con el <strong> Punto de informaci\u00f3n tur\u00edstico <\/strong> en la calle Major, 4 tel. 93 897 68 30<\/p>\n<p>Horario de invierno: De 10:30 a 13:00, fines de semana y festivos. De 17:00 a 19:00, s\u00e1bados.<\/p>\n<p>Horario de verano (del 15 de julio al 15 de agosto): De 10:30 a 13:00 de martes a domingo. De 17:00 a 19:00 de martes a s\u00e1bado.<\/p>\n<p><a title=\"Mapa de la Llacuna\" href=\"https:\/\/www.google.com\/maps?q=la+llacuna&#038;sll=37.06250000000001,-95.677068&#038;sspn=57.94889164378686,96.35404905924051&#038;t=m&#038;dg=opt&#038;hnear=La+Llacuna,+Barcelona,+Catalunya,+Espanya&#038;z=15\" target=\"_blank\">Mapa de la Llacuna<\/a><\/p>\n<p>\u00a0<\/p>\n<div style=\"min-height:33px;\" class=\"really_simple_share really_simple_share_button robots-nocontent snap_nopreview\"><div class=\"really_simple_share_twitter\" style=\"width:100px;\"><a href=\"https:\/\/twitter.com\/share\" class=\"twitter-share-button\" data-count=\"horizontal\"  data-text=\"Actividades\" data-url=\"https:\/\/www.caltunet.com\/es\/actividades\/\"  data-via=\"\" data-lang=\"es\"  ><\/a><\/div><div class=\"really_simple_share_google1\" style=\"width:80px;\"><div class=\"g-plusone\" data-size=\"medium\" data-href=\"https:\/\/www.caltunet.com\/es\/actividades\/\" ><\/div><\/div><div class=\"really_simple_share_pinterest\" style=\"width:90px;\"><a data-pin-config=\"beside\" href=\"https:\/\/pinterest.com\/pin\/create\/button\/\" data-pin-do=\"buttonBookmark\" ><img alt=\"Pin It\" src=\"https:\/\/assets.pinterest.com\/images\/pidgets\/pin_it_button.png\" \/><\/a><\/div><div class=\"really_simple_share_facebook_share_new\" style=\"width:110px;\"><div class=\"fb-share-button\" data-href=\"https:\/\/www.caltunet.com\/es\/actividades\/\" data-type=\"button_count\" data-width=\"110\"><\/div><\/div><div class=\"really_simple_share_readygraph_infolinks\" style=\"width:110px;\"><\/div><\/div>\n\t\t<div class=\"really_simple_share_clearfix\"><\/div>\n","protected":false},"excerpt":{"rendered":"<p>Descubre todo lo que puedes hacer por los alrededores de La Llacuna, un entorno inigualable<\/p>\n","protected":false},"author":3,"featured_media":406,"parent":0,"menu_order":35,"comment_status":"open","ping_status":"open","template":"page-full.php","meta":{"_mi_skip_tracking":false,"_monsterinsights_sitenote_active":false,"_monsterinsights_sitenote_note":"","_monsterinsights_sitenote_category":0},"_links":{"self":[{"href":"https:\/\/www.caltunet.com\/es\/wp-json\/wp\/v2\/pages\/749"}],"collection":[{"href":"https:\/\/www.caltunet.com\/es\/wp-json\/wp\/v2\/pages"}],"about":[{"href":"https:\/\/www.caltunet.com\/es\/wp-json\/wp\/v2\/types\/page"}],"author":[{"embeddable":true,"href":"https:\/\/www.caltunet.com\/es\/wp-json\/wp\/v2\/users\/3"}],"replies":[{"embeddable":true,"href":"https:\/\/www.caltunet.com\/es\/wp-json\/wp\/v2\/comments?post=749"}],"version-history":[{"count":0,"href":"https:\/\/www.caltunet.com\/es\/wp-json\/wp\/v2\/pages\/749\/revisions"}],"wp:featuredmedia":[{"embeddable":true,"href":"https:\/\/www.caltunet.com\/es\/wp-json\/wp\/v2\/media\/406"}],"wp:attachment":[{"href":"https:\/\/www.caltunet.com\/es\/wp-json\/wp\/v2\/media?parent=749"}],"curies":[{"name":"wp","href":"https:\/\/api.w.org\/{rel}","templated":true}]}}