{"id":740,"date":"2012-02-13T17:30:28","date_gmt":"2012-02-13T17:30:28","guid":{"rendered":"http:\/\/www.caltunet.com\/tarifas-y-reservas\/"},"modified":"2016-03-07T09:38:05","modified_gmt":"2016-03-07T08:38:05","slug":"tarifas-y-reservas","status":"publish","type":"page","link":"https:\/\/www.caltunet.com\/es\/tarifas-y-reservas\/","title":{"rendered":"Tarifas y reservas"},"content":{"rendered":"<h1 style=\"text-align: center;\"><!--more--><div class='et-box et-shadow'>\n\t\t\t\t\t<div class='et-box-content'>2 noches 499 \u20ac (hasta 4 adultos, ni\u00f1os hasta 14 a\u00f1os gratis)<\/div><\/div><\/h1>\n<p><strong>Los precios son para el alquiler de la casa entera.<\/strong><\/p>\n<p>La reserva m\u00ednima es de 2 noches\/fin de semana, por la que aplicamos una tarifa de 499 \u20ac, (hasta 4 adultos \/2 noches, si hay m\u00e1s de un adulto 55,50 \u20ac adicionales\/noche).<\/p>\n<ul>\n<li>ALQUILER CASA: 499 \u20ac (hasta 4 adultos, ni\u00f1os hasta 14 a\u00f1os gratis). Consideramos a un Adulto toda persona mayor de 14 a\u00f1os<\/li>\n<li>NOCHE\/PERSONA ADICIONAL: 55,50 \u20ac \/ persona \/noche<\/li>\n<li>CAPACIDAD M\u00c1XIMA DE LA CASA: 8 personas<\/li>\n<li>El desayuno est\u00e1 incluido en el precio<\/li>\n<\/ul>\n<p>Impuestos incluidos (IVA + tasa tur\u00edstica Generalitat de Catalunya)<\/p>\n<p><strong><div id='planyo_plugin_code' class='planyo_wp planyo'>\n<script type=\"text\/javascript\">\n\/* these values are copied from the PHP settings; please update the original values above and leave these unchanged *\/\nvar ulap_script=\"ulap.php\"; \/* file name to one of the ULAP scripts, e.g. ulap.php, OR \"jsonp\" for a pure javascript implementation *\/\nvar planyo_site_id=\"6811\"; \/* ID of your planyo site *\/\nvar planyo_resource_id=\"\"; \/* optional: ID of the resource being reserved *\/\nvar planyo_files_location=\"https:\/\/www.caltunet.com\/wordpress\/wp-content\/plugins\/planyo-online-reservation-system\/\"; \/* relative or absolute directory where the planyo files are kept (usually '\/planyo-files') *\/\nvar planyo_language=\"ES\"; \/* you can optionally change the language here, e.g. 'FR' or 'ES' or pass the languge in the 'planyo_lang' parameter *\/\nvar sort_fields=\"name,price\"; \/* comma-separated sort fields -- a single field will hide the sort dropdown box *\/\nvar planyo_resource_ordering=\"name\"; \/* optional sort criterium for resource list *\/\nvar extra_search_fields=\"\"; \/* comma-separated extra fields in the search box *\/\nvar planyo_default_mode=\"resource_list\";\nvar planyo_use_https=true; \/* set this to true if embedding planyo on a secure website (SSL) *\/\nvar planyo_attribs=''; \/* optional attributes for non-default modes *\/\n<\/script>\n\n<script type=\"text\/javascript\">\nfunction get_param (name) {name = name.replace(\/[\\[]\/,\"\\\\\\[\").replace(\/[\\]]\/,\"\\\\\\]\");var regexS = \"[\\\\?&]\"+name+\"=([^&#]*)\";var regex = new RegExp (regexS);var results = regex.exec (window.location.href);if (results == null) return null;else  return results[1];}\nif (get_param('ppp_mode')) planyo_embed_mode = get_param('ppp_mode'); else if (get_param('mode')) planyo_embed_mode = get_param('mode');\nfunction get_full_planyo_file_path(name) {if(planyo_files_location.length==0||planyo_files_location.lastIndexOf('\/')==planyo_files_location.length-1)return planyo_files_location+name; else return planyo_files_location+'\/'+name;}\n<\/script>\n<link rel='stylesheet' href='https:\/\/www.planyo.com\/schemes\/?calendar=6811&detect_mobile=auto&sel=scheme_css' type='text\/css' \/>\n<div id='planyo_content' class='planyo'><img src='https:\/\/www.planyo.com\/images\/hourglass.gif' align='middle' \/><\/div>\n<script type='text\/javascript' src='https:\/\/www.planyo.com\/Plugins\/PlanyoFiles\/jquery.min.js'><\/script>\n<script src='https:\/\/www.planyo.com\/Plugins\/PlanyoFiles\/booking-utils.js' type='text\/javascript'><\/script>\n<noscript>\n<a href='http:\/\/www.planyo.com\/about-calendar.php?calendar=6811'>Make a reservation<\/a><br\/><br\/><a href='http:\/\/www.planyo.com\/'>Reservation\n  system powered by Planyo<\/a>\n<\/noscript>\n<\/div>\n<\/strong><br \/>\n<div class='et-box et-info'>\n\t\t\t\t\t<div class='et-box-content'>Para que la reserva sea efectiva debes hacer un <strong>ingreso del 50% del importe de la reserva<\/strong> en la cuenta del Banco de Sabadell IBAN \/ BIC: <strong>ES34 0081 1648 4100 0101 1704<\/strong> \/ BSAB ESBB.\nEn el concepto <strong>debes indicar el n\u00famero de Identificaci\u00f3n de reserva y tu Nombre y apellidos<\/strong>.\nUna vez tu reserva est\u00e9 confirmada por la administraci\u00f3n. Recibir\u00e1s un correo electr\u00f3nico de confirmaci\u00f3n.<\/div><\/div><br \/>\n<span style=\"line-height: 1.5;\">Se podr\u00e1 cancelar la reserva hasta 7 d\u00edas antes de la fecha de inicio de la reserva. Posteriormente, una vez realizado el pago, no se efectuar\u00e1 ninguna devoluci\u00f3n.<\/span><\/p>\n<p>&nbsp;<\/p>\n<div style=\"min-height:33px;\" class=\"really_simple_share really_simple_share_button robots-nocontent snap_nopreview\"><div class=\"really_simple_share_twitter\" style=\"width:100px;\"><a href=\"https:\/\/twitter.com\/share\" class=\"twitter-share-button\" data-count=\"horizontal\"  data-text=\"Tarifas y reservas\" data-url=\"https:\/\/www.caltunet.com\/es\/tarifas-y-reservas\/\"  data-via=\"\" data-lang=\"es\"  ><\/a><\/div><div class=\"really_simple_share_google1\" style=\"width:80px;\"><div class=\"g-plusone\" data-size=\"medium\" data-href=\"https:\/\/www.caltunet.com\/es\/tarifas-y-reservas\/\" ><\/div><\/div><div class=\"really_simple_share_pinterest\" style=\"width:90px;\"><a data-pin-config=\"beside\" href=\"https:\/\/pinterest.com\/pin\/create\/button\/\" data-pin-do=\"buttonBookmark\" ><img alt=\"Pin It\" src=\"https:\/\/assets.pinterest.com\/images\/pidgets\/pin_it_button.png\" \/><\/a><\/div><div class=\"really_simple_share_facebook_share_new\" style=\"width:110px;\"><div class=\"fb-share-button\" data-href=\"https:\/\/www.caltunet.com\/es\/tarifas-y-reservas\/\" data-type=\"button_count\" data-width=\"110\"><\/div><\/div><div class=\"really_simple_share_readygraph_infolinks\" style=\"width:110px;\"><\/div><\/div>\n\t\t<div class=\"really_simple_share_clearfix\"><\/div>\n","protected":false},"excerpt":{"rendered":"","protected":false},"author":3,"featured_media":696,"parent":0,"menu_order":20,"comment_status":"open","ping_status":"open","template":"page-full.php","meta":{"_mi_skip_tracking":false,"_monsterinsights_sitenote_active":false,"_monsterinsights_sitenote_note":"","_monsterinsights_sitenote_category":0},"_links":{"self":[{"href":"https:\/\/www.caltunet.com\/es\/wp-json\/wp\/v2\/pages\/740"}],"collection":[{"href":"https:\/\/www.caltunet.com\/es\/wp-json\/wp\/v2\/pages"}],"about":[{"href":"https:\/\/www.caltunet.com\/es\/wp-json\/wp\/v2\/types\/page"}],"author":[{"embeddable":true,"href":"https:\/\/www.caltunet.com\/es\/wp-json\/wp\/v2\/users\/3"}],"replies":[{"embeddable":true,"href":"https:\/\/www.caltunet.com\/es\/wp-json\/wp\/v2\/comments?post=740"}],"version-history":[{"count":10,"href":"https:\/\/www.caltunet.com\/es\/wp-json\/wp\/v2\/pages\/740\/revisions"}],"predecessor-version":[{"id":823,"href":"https:\/\/www.caltunet.com\/es\/wp-json\/wp\/v2\/pages\/740\/revisions\/823"}],"wp:featuredmedia":[{"embeddable":true,"href":"https:\/\/www.caltunet.com\/es\/wp-json\/wp\/v2\/media\/696"}],"wp:attachment":[{"href":"https:\/\/www.caltunet.com\/es\/wp-json\/wp\/v2\/media?parent=740"}],"curies":[{"name":"wp","href":"https:\/\/api.w.org\/{rel}","templated":true}]}}